{"id":148,"date":"2024-11-20T08:22:17","date_gmt":"2024-11-20T08:22:17","guid":{"rendered":"https:\/\/raicesvalientes.es\/?page_id=148"},"modified":"2024-11-20T14:38:02","modified_gmt":"2024-11-20T14:38:02","slug":"declaracion-accesibilidad","status":"publish","type":"page","link":"https:\/\/raicesvalientes.es\/en\/declaracion-accesibilidad\/","title":{"rendered":"Accessibility Statement"},"content":{"rendered":"<div data-elementor-type=\"wp-page\" data-elementor-id=\"148\" class=\"elementor elementor-148\">\n\t\t\t\t\t\t<section class=\"elementor-section elementor-top-section elementor-element elementor-element-53fdc3fe elementor-section-height-min-height elementor-section-boxed elementor-section-height-default elementor-section-items-middle\" data-id=\"53fdc3fe\" data-element_type=\"section\" data-settings=\"{&quot;background_background&quot;:&quot;classic&quot;}\">\n\t\t\t\t\t\t\t<div class=\"elementor-background-overlay\"><\/div>\n\t\t\t\t\t\t\t<div class=\"elementor-container elementor-column-gap-default\">\n\t\t\t\t\t<div class=\"elementor-column elementor-col-100 elementor-top-column elementor-element elementor-element-38a1a59\" data-id=\"38a1a59\" data-element_type=\"column\">\n\t\t\t<div class=\"elementor-widget-wrap elementor-element-populated\">\n\t\t\t\t\t\t<div class=\"elementor-element elementor-element-760fe201 elementor-widget elementor-widget-heading\" data-id=\"760fe201\" data-element_type=\"widget\" data-widget_type=\"heading.default\">\n\t\t\t\t<div class=\"elementor-widget-container\">\n\t\t\t\t\t<h1 class=\"elementor-heading-title elementor-size-default\">Accesibilidad<\/h1>\t\t\t\t<\/div>\n\t\t\t\t<\/div>\n\t\t\t\t\t<\/div>\n\t\t<\/div>\n\t\t\t\t\t<\/div>\n\t\t<\/section>\n\t\t\t\t<section class=\"elementor-section elementor-top-section elementor-element elementor-element-2ecb5fcb elementor-section-boxed elementor-section-height-default elementor-section-height-default\" data-id=\"2ecb5fcb\" data-element_type=\"section\" data-settings=\"{&quot;background_background&quot;:&quot;classic&quot;}\">\n\t\t\t\t\t\t<div class=\"elementor-container elementor-column-gap-default\">\n\t\t\t\t\t<div class=\"elementor-column elementor-col-100 elementor-top-column elementor-element elementor-element-75c2a4c\" data-id=\"75c2a4c\" data-element_type=\"column\" data-settings=\"{&quot;background_background&quot;:&quot;classic&quot;}\">\n\t\t\t<div class=\"elementor-widget-wrap elementor-element-populated\">\n\t\t\t\t\t\t<div class=\"elementor-element elementor-element-72c38a25 elementor-widget elementor-widget-text-editor\" data-id=\"72c38a25\" data-element_type=\"widget\" data-widget_type=\"text-editor.default\">\n\t\t\t\t<div class=\"elementor-widget-container\">\n\t\t\t\t\t\t\t\t\t<div class=\"elementor-element elementor-element-c0e9b13 elementor-widget elementor-widget-text-editor animated fadeInUp\" data-id=\"c0e9b13\" data-element_type=\"widget\" data-settings=\"{&quot;_animation&quot;:&quot;fadeInUp&quot;,&quot;_animation_delay&quot;:400}\" data-widget_type=\"text-editor.default\"><div class=\"elementor-widget-container\"><p>La presente declaraci\u00f3n de accesibilidad se aplica al sitio web <a href=\"https:\/\/raicesvalientes.es\/en\/\">https:\/\/raicesvalientes.es<\/a><\/p><\/div><\/div><div class=\"elementor-element elementor-element-f213d57 elementor-widget elementor-widget-heading animated fadeInLeft\" data-id=\"f213d57\" data-element_type=\"widget\" data-settings=\"{&quot;_animation&quot;:&quot;fadeInLeft&quot;}\" data-widget_type=\"heading.default\"><div class=\"elementor-widget-container\"><h2 class=\"elementor-heading-title elementor-size-xl\">Declaraci\u00f3n de accesibilidad<\/h2><\/div><\/div><div class=\"elementor-element elementor-element-4f827b47 elementor-widget elementor-widget-text-editor animated fadeInUp\" data-id=\"4f827b47\" data-element_type=\"widget\" data-settings=\"{&quot;_animation&quot;:&quot;fadeInUp&quot;,&quot;_animation_delay&quot;:400}\" data-widget_type=\"text-editor.default\"><div class=\"elementor-widget-container\"><h3>Pol\u00edtica de accesibilidad<\/h3><p>La empresa<strong> Brave Roots<\/strong>\u00a0se ha comprometido a hacer accesible su sitio web de conformidad con el Real Decreto 1112\/2018, de 7 de septiembre, sobre accesibilidad de los sitios web y aplicaciones para dispositivos m\u00f3viles del sector p\u00fablico, o desarrollos financiados desde Europa.<\/p><p>La presente declaraci\u00f3n de accesibilidad se aplica al sitio web <a href=\"https:\/\/raicesvalientes.es\/en\/\">https:\/\/raicesvalientes.es<\/a>\u00a0excluyendo los contenidos incrustados provenientes de otros dominios.<\/p><p><strong>Situaci\u00f3n de cumplimiento<\/strong><\/p><p>Este sitio web es\u00a0<strong>Parcialmente conforme<\/strong>\u00a0con el RD 1112\/2018 debido a la falta de conformidad de los aspectos que se indican a continuaci\u00f3n.<\/p><h3>Contenido no accesible<\/h3><p>El contenido que se recoge a continuaci\u00f3n no es accesible por los siguientes motivos:<\/p><p><strong>Falta de conformidad<\/strong>:<\/p><p>Pueden existir algunas im\u00e1genes cuya alternativa no est\u00e9 implementada o no sea correcta \u2013 \u2013 Requisito 9.1.1.1 Contenido no textual UNE-EN 301549:2022En los formularios, puede haber campos que no se hayan facilitado su rellenado a trav\u00e9s de sistemas autom\u00e1ticos \u2013 Requisito 9.1.3.5 Identificar el prop\u00f3sito de la entrada UNE-EN 301549:2022Podr\u00edan existir fallos puntuales de edici\u00f3n en alguna p\u00e1gina web.Carga desproporcionada: No resulta aplicable.El contenido no entra dentro del \u00e1mbito de la legislaci\u00f3n aplicable.<\/p><p>Podr\u00edan existir archivos ofim\u00e1ticos en PDF u otros formatos publicados antes del 20 de septiembre de 2018 que no cumplan en su totalidad todos los requisitos de accesibilidad.Puede haber contenidos de terceros que no est\u00e9n desarrollados en esta Unidad, ni bajo su control, como archivos ofim\u00e1ticos de diferentes organismos que deban publicarse en este sitio.<\/p><h3>Observaciones y datos de contacto<\/h3><p>Puede realizar comunicaciones sobre requisitos de accesibilidad [art\u00edculo 10.2.a) del RD 1112\/2018] como, por ejemplo:<br \/>Informar sobre cualquier posible incumplimiento por parte de este sitio web. Transmitir otras dificultades de acceso al contenido. Formular cualquier otra consulta o sugerencia de mejora relativa a la accesibilidad del sitio web a trav\u00e9s del siguiente\u00a0<a href=\"https:\/\/raicesvalientes.es\/en\/contacto\/\" data-type=\"URL\" data-id=\"\/contactar\">formulario de contacto<\/a> o llamando al tel\u00e9fono (+34) xxx xxx xxx de 9 a 14 horas de lunes a viernes.<\/p><p><strong>Puede presentar:<\/strong><br \/>Una queja relativa al cumplimiento de los requisitos del RD 1112\/2018Una solicitud de informaci\u00f3n accesible relativa a:Contenidos que est\u00e1n excluidos del \u00e1mbito de aplicaci\u00f3n del RD 1112\/2018 seg\u00fan lo establecido por el art\u00edculo 3, apartado 4.Contenidos que est\u00e1n exentos del cumplimiento de los requisitos de accesibilidad por imponer una carga desproporcionada.<\/p><p>En la solicitud de informaci\u00f3n accesible, se debe concretar, con toda claridad, los hechos, razones y petici\u00f3n que permitan constatar que se trata de una solicitud razonable y leg\u00edtima.<\/p><div><div><div><article><div><div><h3>CONTENIDO OPCIONAL<\/h3><p>Esta web esta dise\u00f1ado para poder cambiar el tama\u00f1o del texto y el color, as\u00ed como el fondo de la pagina mediante las opciones de configuraci\u00f3n est\u00e1ndar de los navegadores.<\/p><p>Si desea cambiar el tama\u00f1o de letra del texto en los principales navegadores gr\u00e1ficos utilice los siguientes men\u00fas:<\/p><ul><li>Internet Explorer, Mozilla y Firefox: Ver &gt; Tama\u00f1o del texto<\/li><li>Opera: Ver &gt; Zoom<\/li><li>Safari: Ver &gt; Hacer el texto mas grande<\/li><li>Chrome: Controla la pagina actual &gt; Tama\u00f1o del texto<\/li><li>Para modificar el tama\u00f1o de todo en la pagina:<ul><li>Ctrl + + para aumentarlo<\/li><li>Ctrl + \u2013 para disminuirlo<\/li><li>Ctrl + 0 restaura el tama\u00f1o original del texto<\/li><\/ul><\/li><\/ul><\/div><\/div><\/article><\/div><\/div><\/div><\/div><\/div>\t\t\t\t\t\t\t\t<\/div>\n\t\t\t\t<\/div>\n\t\t\t\t\t<\/div>\n\t\t<\/div>\n\t\t\t\t\t<\/div>\n\t\t<\/section>\n\t\t\t\t<\/div>","protected":false},"excerpt":{"rendered":"<p>Accesibilidad La presente declaraci\u00f3n de accesibilidad se aplica al sitio web https:\/\/raicesvalientes.es Declaraci\u00f3n de accesibilidad Pol\u00edtica de accesibilidad La empresa [&hellip;]<\/p>","protected":false},"author":1,"featured_media":0,"parent":0,"menu_order":0,"comment_status":"closed","ping_status":"closed","template":"","meta":{"site-sidebar-layout":"no-sidebar","site-content-layout":"","ast-site-content-layout":"full-width-container","site-content-style":"default","site-sidebar-style":"default","ast-global-header-display":"","ast-banner-title-visibility":"","ast-main-header-display":"","ast-hfb-above-header-display":"","ast-hfb-below-header-display":"","ast-hfb-mobile-header-display":"","site-post-title":"disabled","ast-breadcrumbs-content":"","ast-featured-img":"disabled","footer-sml-layout":"","theme-transparent-header-meta":"","adv-header-id-meta":"","stick-header-meta":"","header-above-stick-meta":"","header-main-stick-meta":"","header-below-stick-meta":"","astra-migrate-meta-layouts":"default","ast-page-background-enabled":"default","ast-page-background-meta":{"desktop":{"background-color":"var(--ast-global-color-4)","background-image":"","background-repeat":"repeat","background-position":"center center","background-size":"auto","background-attachment":"scroll","background-type":"","background-media":"","overlay-type":"","overlay-color":"","overlay-opacity":"","overlay-gradient":""},"tablet":{"background-color":"","background-image":"","background-repeat":"repeat","background-position":"center center","background-size":"auto","background-attachment":"scroll","background-type":"","background-media":"","overlay-type":"","overlay-color":"","overlay-opacity":"","overlay-gradient":""},"mobile":{"background-color":"","background-image":"","background-repeat":"repeat","background-position":"center center","background-size":"auto","background-attachment":"scroll","background-type":"","background-media":"","overlay-type":"","overlay-color":"","overlay-opacity":"","overlay-gradient":""}},"ast-content-background-meta":{"desktop":{"background-color":"var(--ast-global-color-5)","background-image":"","background-repeat":"repeat","background-position":"center center","background-size":"auto","background-attachment":"scroll","background-type":"","background-media":"","overlay-type":"","overlay-color":"","overlay-opacity":"","overlay-gradient":""},"tablet":{"background-color":"var(--ast-global-color-5)","background-image":"","background-repeat":"repeat","background-position":"center center","background-size":"auto","background-attachment":"scroll","background-type":"","background-media":"","overlay-type":"","overlay-color":"","overlay-opacity":"","overlay-gradient":""},"mobile":{"background-color":"var(--ast-global-color-5)","background-image":"","background-repeat":"repeat","background-position":"center center","background-size":"auto","background-attachment":"scroll","background-type":"","background-media":"","overlay-type":"","overlay-color":"","overlay-opacity":"","overlay-gradient":""}},"footnotes":""},"class_list":["post-148","page","type-page","status-publish","hentry"],"yoast_head":"<!-- This site is optimized with the Yoast SEO plugin v24.2 - https:\/\/yoast.com\/wordpress\/plugins\/seo\/ -->\n<title>Declaraci\u00f3n Accesibilidad - Ra\u00edces Valientes<\/title>\n<meta name=\"robots\" content=\"index, follow, max-snippet:-1, max-image-preview:large, max-video-preview:-1\" \/>\n<link rel=\"canonical\" href=\"https:\/\/raicesvalientes.es\/en\/declaracion-accesibilidad\/\" \/>\n<meta property=\"og:locale\" content=\"en_US\" \/>\n<meta property=\"og:type\" content=\"article\" \/>\n<meta property=\"og:title\" content=\"Declaraci\u00f3n Accesibilidad - Ra\u00edces Valientes\" \/>\n<meta property=\"og:description\" content=\"Accesibilidad La presente declaraci\u00f3n de accesibilidad se aplica al sitio web https:\/\/raicesvalientes.es Declaraci\u00f3n de accesibilidad Pol\u00edtica de accesibilidad La empresa [&hellip;]\" \/>\n<meta property=\"og:url\" content=\"https:\/\/raicesvalientes.es\/en\/declaracion-accesibilidad\/\" \/>\n<meta property=\"og:site_name\" content=\"Ra\u00edces Valientes\" \/>\n<meta property=\"article:modified_time\" content=\"2024-11-20T14:38:02+00:00\" \/>\n<meta name=\"twitter:card\" content=\"summary_large_image\" \/>\n<meta name=\"twitter:label1\" content=\"Est. reading time\" \/>\n\t<meta name=\"twitter:data1\" content=\"3 minutes\" \/>\n<script type=\"application\/ld+json\" class=\"yoast-schema-graph\">{\"@context\":\"https:\/\/schema.org\",\"@graph\":[{\"@type\":\"WebPage\",\"@id\":\"https:\/\/raicesvalientes.es\/declaracion-accesibilidad\/\",\"url\":\"https:\/\/raicesvalientes.es\/declaracion-accesibilidad\/\",\"name\":\"Declaraci\u00f3n Accesibilidad - Ra\u00edces Valientes\",\"isPartOf\":{\"@id\":\"https:\/\/raicesvalientes.es\/#website\"},\"datePublished\":\"2024-11-20T08:22:17+00:00\",\"dateModified\":\"2024-11-20T14:38:02+00:00\",\"breadcrumb\":{\"@id\":\"https:\/\/raicesvalientes.es\/declaracion-accesibilidad\/#breadcrumb\"},\"inLanguage\":\"en-US\",\"potentialAction\":[{\"@type\":\"ReadAction\",\"target\":[\"https:\/\/raicesvalientes.es\/declaracion-accesibilidad\/\"]}]},{\"@type\":\"BreadcrumbList\",\"@id\":\"https:\/\/raicesvalientes.es\/declaracion-accesibilidad\/#breadcrumb\",\"itemListElement\":[{\"@type\":\"ListItem\",\"position\":1,\"name\":\"Portada\",\"item\":\"https:\/\/raicesvalientes.es\/\"},{\"@type\":\"ListItem\",\"position\":2,\"name\":\"Declaraci\u00f3n Accesibilidad\"}]},{\"@type\":\"WebSite\",\"@id\":\"https:\/\/raicesvalientes.es\/#website\",\"url\":\"https:\/\/raicesvalientes.es\/\",\"name\":\"Ra\u00edces Valientes\",\"description\":\"Ra\u00edces Valientes\",\"publisher\":{\"@id\":\"https:\/\/raicesvalientes.es\/#organization\"},\"potentialAction\":[{\"@type\":\"SearchAction\",\"target\":{\"@type\":\"EntryPoint\",\"urlTemplate\":\"https:\/\/raicesvalientes.es\/?s={search_term_string}\"},\"query-input\":{\"@type\":\"PropertyValueSpecification\",\"valueRequired\":true,\"valueName\":\"search_term_string\"}}],\"inLanguage\":\"en-US\"},{\"@type\":\"Organization\",\"@id\":\"https:\/\/raicesvalientes.es\/#organization\",\"name\":\"Ra\u00edces Valientes\",\"url\":\"https:\/\/raicesvalientes.es\/\",\"logo\":{\"@type\":\"ImageObject\",\"inLanguage\":\"en-US\",\"@id\":\"https:\/\/raicesvalientes.es\/#\/schema\/logo\/image\/\",\"url\":\"https:\/\/raicesvalientes.es\/wp-content\/uploads\/2025\/01\/cropped-cropped-Logo-Raices-Valientes.png\",\"contentUrl\":\"https:\/\/raicesvalientes.es\/wp-content\/uploads\/2025\/01\/cropped-cropped-Logo-Raices-Valientes.png\",\"width\":512,\"height\":512,\"caption\":\"Ra\u00edces Valientes\"},\"image\":{\"@id\":\"https:\/\/raicesvalientes.es\/#\/schema\/logo\/image\/\"}}]}<\/script>\n<!-- \/ Yoast SEO plugin. -->","yoast_head_json":{"title":"Declaraci\u00f3n Accesibilidad - Ra\u00edces Valientes","robots":{"index":"index","follow":"follow","max-snippet":"max-snippet:-1","max-image-preview":"max-image-preview:large","max-video-preview":"max-video-preview:-1"},"canonical":"https:\/\/raicesvalientes.es\/en\/declaracion-accesibilidad\/","og_locale":"en_US","og_type":"article","og_title":"Declaraci\u00f3n Accesibilidad - Ra\u00edces Valientes","og_description":"Accesibilidad La presente declaraci\u00f3n de accesibilidad se aplica al sitio web https:\/\/raicesvalientes.es Declaraci\u00f3n de accesibilidad Pol\u00edtica de accesibilidad La empresa [&hellip;]","og_url":"https:\/\/raicesvalientes.es\/en\/declaracion-accesibilidad\/","og_site_name":"Ra\u00edces Valientes","article_modified_time":"2024-11-20T14:38:02+00:00","twitter_card":"summary_large_image","twitter_misc":{"Est. reading time":"3 minutes"},"schema":{"@context":"https:\/\/schema.org","@graph":[{"@type":"WebPage","@id":"https:\/\/raicesvalientes.es\/declaracion-accesibilidad\/","url":"https:\/\/raicesvalientes.es\/declaracion-accesibilidad\/","name":"Declaraci\u00f3n Accesibilidad - Ra\u00edces Valientes","isPartOf":{"@id":"https:\/\/raicesvalientes.es\/#website"},"datePublished":"2024-11-20T08:22:17+00:00","dateModified":"2024-11-20T14:38:02+00:00","breadcrumb":{"@id":"https:\/\/raicesvalientes.es\/declaracion-accesibilidad\/#breadcrumb"},"inLanguage":"en-US","potentialAction":[{"@type":"ReadAction","target":["https:\/\/raicesvalientes.es\/declaracion-accesibilidad\/"]}]},{"@type":"BreadcrumbList","@id":"https:\/\/raicesvalientes.es\/declaracion-accesibilidad\/#breadcrumb","itemListElement":[{"@type":"ListItem","position":1,"name":"Portada","item":"https:\/\/raicesvalientes.es\/"},{"@type":"ListItem","position":2,"name":"Declaraci\u00f3n Accesibilidad"}]},{"@type":"WebSite","@id":"https:\/\/raicesvalientes.es\/#website","url":"https:\/\/raicesvalientes.es\/","name":"Ra\u00edces Valientes","description":"Ra\u00edces Valientes","publisher":{"@id":"https:\/\/raicesvalientes.es\/#organization"},"potentialAction":[{"@type":"SearchAction","target":{"@type":"EntryPoint","urlTemplate":"https:\/\/raicesvalientes.es\/?s={search_term_string}"},"query-input":{"@type":"PropertyValueSpecification","valueRequired":true,"valueName":"search_term_string"}}],"inLanguage":"en-US"},{"@type":"Organization","@id":"https:\/\/raicesvalientes.es\/#organization","name":"Ra\u00edces Valientes","url":"https:\/\/raicesvalientes.es\/","logo":{"@type":"ImageObject","inLanguage":"en-US","@id":"https:\/\/raicesvalientes.es\/#\/schema\/logo\/image\/","url":"https:\/\/raicesvalientes.es\/wp-content\/uploads\/2025\/01\/cropped-cropped-Logo-Raices-Valientes.png","contentUrl":"https:\/\/raicesvalientes.es\/wp-content\/uploads\/2025\/01\/cropped-cropped-Logo-Raices-Valientes.png","width":512,"height":512,"caption":"Ra\u00edces Valientes"},"image":{"@id":"https:\/\/raicesvalientes.es\/#\/schema\/logo\/image\/"}}]}},"_links":{"self":[{"href":"https:\/\/raicesvalientes.es\/en\/wp-json\/wp\/v2\/pages\/148","targetHints":{"allow":["GET"]}}],"collection":[{"href":"https:\/\/raicesvalientes.es\/en\/wp-json\/wp\/v2\/pages"}],"about":[{"href":"https:\/\/raicesvalientes.es\/en\/wp-json\/wp\/v2\/types\/page"}],"author":[{"embeddable":true,"href":"https:\/\/raicesvalientes.es\/en\/wp-json\/wp\/v2\/users\/1"}],"replies":[{"embeddable":true,"href":"https:\/\/raicesvalientes.es\/en\/wp-json\/wp\/v2\/comments?post=148"}],"version-history":[{"count":23,"href":"https:\/\/raicesvalientes.es\/en\/wp-json\/wp\/v2\/pages\/148\/revisions"}],"predecessor-version":[{"id":225,"href":"https:\/\/raicesvalientes.es\/en\/wp-json\/wp\/v2\/pages\/148\/revisions\/225"}],"wp:attachment":[{"href":"https:\/\/raicesvalientes.es\/en\/wp-json\/wp\/v2\/media?parent=148"}],"curies":[{"name":"wp","href":"https:\/\/api.w.org\/{rel}","templated":true}]}}