{"id":83,"date":"2024-11-18T08:30:58","date_gmt":"2024-11-18T08:30:58","guid":{"rendered":"https:\/\/raicesvalientes.es\/?page_id=83"},"modified":"2025-01-13T14:50:38","modified_gmt":"2025-01-13T14:50:38","slug":"nuestro-entorno","status":"publish","type":"page","link":"https:\/\/raicesvalientes.es\/en\/nuestro-entorno\/","title":{"rendered":"Our Environment"},"content":{"rendered":"<div data-elementor-type=\"wp-page\" data-elementor-id=\"83\" class=\"elementor elementor-83\">\n\t\t\t\t\t\t<section class=\"elementor-section elementor-top-section elementor-element elementor-element-1b9c5d51 elementor-section-boxed elementor-section-height-default elementor-section-height-default\" data-id=\"1b9c5d51\" data-element_type=\"section\">\n\t\t\t\t\t\t<div class=\"elementor-container elementor-column-gap-default\">\n\t\t\t\t\t<div class=\"elementor-column elementor-col-100 elementor-top-column elementor-element elementor-element-6a304d\" data-id=\"6a304d\" data-element_type=\"column\">\n\t\t\t<div class=\"elementor-widget-wrap elementor-element-populated\">\n\t\t\t\t\t\t<div class=\"elementor-element elementor-element-484a7757 envato-kit-98-line-sides elementor-widget elementor-widget-heading\" data-id=\"484a7757\" data-element_type=\"widget\" data-widget_type=\"heading.default\">\n\t\t\t\t<div class=\"elementor-widget-container\">\n\t\t\t\t\t<h1 class=\"elementor-heading-title elementor-size-default\">Our history<\/h1>\t\t\t\t<\/div>\n\t\t\t\t<\/div>\n\t\t\t\t<div class=\"elementor-element elementor-element-7d6b36d8 elementor-widget elementor-widget-heading\" data-id=\"7d6b36d8\" data-element_type=\"widget\" data-widget_type=\"heading.default\">\n\t\t\t\t<div class=\"elementor-widget-container\">\n\t\t\t\t\t<h1 class=\"elementor-heading-title elementor-size-default\">Our Environment<\/h1>\t\t\t\t<\/div>\n\t\t\t\t<\/div>\n\t\t\t\t\t<\/div>\n\t\t<\/div>\n\t\t\t\t\t<\/div>\n\t\t<\/section>\n\t\t\t\t<section class=\"elementor-section elementor-top-section elementor-element elementor-element-5703b6a9 elementor-section-boxed elementor-section-height-default elementor-section-height-default\" data-id=\"5703b6a9\" data-element_type=\"section\">\n\t\t\t\t\t\t\t<div class=\"elementor-background-overlay\"><\/div>\n\t\t\t\t\t\t\t<div class=\"elementor-container elementor-column-gap-default\">\n\t\t\t\t\t<div class=\"elementor-column elementor-col-50 elementor-top-column elementor-element elementor-element-36a25757\" data-id=\"36a25757\" data-element_type=\"column\">\n\t\t\t<div class=\"elementor-widget-wrap elementor-element-populated\">\n\t\t\t\t\t\t<div class=\"elementor-element elementor-element-76024722 envato-kit-98-line-before elementor-widget elementor-widget-heading\" data-id=\"76024722\" data-element_type=\"widget\" data-widget_type=\"heading.default\">\n\t\t\t\t<div class=\"elementor-widget-container\">\n\t\t\t\t\t<h2 class=\"elementor-heading-title elementor-size-default\">History<\/h2>\t\t\t\t<\/div>\n\t\t\t\t<\/div>\n\t\t\t\t<div class=\"elementor-element elementor-element-723c5316 elementor-widget elementor-widget-heading\" data-id=\"723c5316\" data-element_type=\"widget\" data-widget_type=\"heading.default\">\n\t\t\t\t<div class=\"elementor-widget-container\">\n\t\t\t\t\t<h2 class=\"elementor-heading-title elementor-size-default\">The heart of our wines<\/h2>\t\t\t\t<\/div>\n\t\t\t\t<\/div>\n\t\t\t\t<div class=\"elementor-element elementor-element-50ad12ae elementor-widget elementor-widget-text-editor\" data-id=\"50ad12ae\" data-element_type=\"widget\" data-widget_type=\"text-editor.default\">\n\t\t\t\t<div class=\"elementor-widget-container\">\n\t\t\t\t\t\t\t\t\t<p><em>Our vineyards thrive in a privileged environment, where nature, climate and the dedication of our hands combine to create wines full of character. Each grape is an expression of the place it comes from, reflecting the purity and essence of our land.<\/em><\/p>\t\t\t\t\t\t\t\t<\/div>\n\t\t\t\t<\/div>\n\t\t\t\t<div class=\"elementor-element elementor-element-275d5317 elementor-widget elementor-widget-image\" data-id=\"275d5317\" data-element_type=\"widget\" data-widget_type=\"image.default\">\n\t\t\t\t<div class=\"elementor-widget-container\">\n\t\t\t\t\t\t\t\t\t\t\t\t\t\t\t\t<a href=\"https:\/\/raicesvalientes.es\/wp-content\/uploads\/2024\/12\/foto-mateo-blanco-y-negro-scaled.jpg\" data-elementor-open-lightbox=\"yes\" data-elementor-lightbox-title=\"foto mateo blanco y negro\" data-e-action-hash=\"#elementor-action%3Aaction%3Dlightbox%26settings%3DeyJpZCI6MjYzLCJ1cmwiOiJodHRwczpcL1wvcmFpY2VzdmFsaWVudGVzLmVzXC93cC1jb250ZW50XC91cGxvYWRzXC8yMDI0XC8xMlwvZm90by1tYXRlby1ibGFuY28teS1uZWdyby1zY2FsZWQuanBnIn0%3D\">\n\t\t\t\t\t\t\t<img decoding=\"async\" src=\"https:\/\/raicesvalientes.es\/wp-content\/uploads\/elementor\/thumbs\/foto-mateo-blanco-y-negro-scaled-qyl6rt6h4ni3qkra88gz83ho0hn5clgdncgtfaq9m0.jpg\" title=\"foto mateo blanco y negro\" alt=\"foto mateo blanco y negro\" loading=\"lazy\" \/>\t\t\t\t\t\t\t\t<\/a>\n\t\t\t\t\t\t\t\t\t\t\t\t\t\t\t<\/div>\n\t\t\t\t<\/div>\n\t\t\t\t\t<\/div>\n\t\t<\/div>\n\t\t\t\t<div class=\"elementor-column elementor-col-50 elementor-top-column elementor-element elementor-element-1cd0c13c\" data-id=\"1cd0c13c\" data-element_type=\"column\">\n\t\t\t<div class=\"elementor-widget-wrap elementor-element-populated\">\n\t\t\t\t\t\t<div class=\"elementor-element elementor-element-787c953a elementor-widget elementor-widget-image\" data-id=\"787c953a\" data-element_type=\"widget\" data-widget_type=\"image.default\">\n\t\t\t\t<div class=\"elementor-widget-container\">\n\t\t\t\t\t\t\t\t\t\t\t\t\t\t\t\t<a href=\"https:\/\/raicesvalientes.es\/wp-content\/uploads\/2024\/11\/berries.jpg\" data-elementor-open-lightbox=\"yes\" data-elementor-lightbox-title=\"berries.jpg\" data-e-action-hash=\"#elementor-action%3Aaction%3Dlightbox%26settings%3DeyJpZCI6IjI3IiwidXJsIjoiaHR0cHM6XC9cL3JhaWNlc3ZhbGllbnRlcy5lc1wvd3AtY29udGVudFwvdXBsb2Fkc1wvMjAyNFwvMTFcL2JlcnJpZXMuanBnIn0%3D\">\n\t\t\t\t\t\t\t<img decoding=\"async\" src=\"https:\/\/raicesvalientes.es\/wp-content\/uploads\/elementor\/thumbs\/berries-qx8aogyl7puois7aaibfw0az4r0zzoeueg55t7no74.jpg\" title=\"berries.jpg\" alt=\"berries.jpg\" loading=\"lazy\" \/>\t\t\t\t\t\t\t\t<\/a>\n\t\t\t\t\t\t\t\t\t\t\t\t\t\t\t<\/div>\n\t\t\t\t<\/div>\n\t\t\t\t<div class=\"elementor-element elementor-element-514f4f9c elementor-widget elementor-widget-image\" data-id=\"514f4f9c\" data-element_type=\"widget\" data-widget_type=\"image.default\">\n\t\t\t\t<div class=\"elementor-widget-container\">\n\t\t\t\t\t\t\t\t\t\t\t\t\t\t\t\t<a href=\"https:\/\/raicesvalientes.es\/wp-content\/uploads\/2024\/12\/irene-blanco-y-negro-scaled.jpg\" data-elementor-open-lightbox=\"yes\" data-elementor-lightbox-title=\"irene blanco y negro\" data-e-action-hash=\"#elementor-action%3Aaction%3Dlightbox%26settings%3DeyJpZCI6MjY0LCJ1cmwiOiJodHRwczpcL1wvcmFpY2VzdmFsaWVudGVzLmVzXC93cC1jb250ZW50XC91cGxvYWRzXC8yMDI0XC8xMlwvaXJlbmUtYmxhbmNvLXktbmVncm8tc2NhbGVkLmpwZyJ9\">\n\t\t\t\t\t\t\t<img fetchpriority=\"high\" decoding=\"async\" width=\"2560\" height=\"1707\" src=\"https:\/\/raicesvalientes.es\/wp-content\/uploads\/2024\/12\/irene-blanco-y-negro-scaled.jpg\" class=\"attachment-full size-full wp-image-264\" alt=\"\" srcset=\"https:\/\/raicesvalientes.es\/wp-content\/uploads\/2024\/12\/irene-blanco-y-negro-scaled.jpg 2560w, https:\/\/raicesvalientes.es\/wp-content\/uploads\/2024\/12\/irene-blanco-y-negro-300x200.jpg 300w, https:\/\/raicesvalientes.es\/wp-content\/uploads\/2024\/12\/irene-blanco-y-negro-1024x683.jpg 1024w, https:\/\/raicesvalientes.es\/wp-content\/uploads\/2024\/12\/irene-blanco-y-negro-768x512.jpg 768w, https:\/\/raicesvalientes.es\/wp-content\/uploads\/2024\/12\/irene-blanco-y-negro-1536x1024.jpg 1536w, https:\/\/raicesvalientes.es\/wp-content\/uploads\/2024\/12\/irene-blanco-y-negro-2048x1365.jpg 2048w, https:\/\/raicesvalientes.es\/wp-content\/uploads\/2024\/12\/irene-blanco-y-negro-18x12.jpg 18w\" sizes=\"(max-width: 2560px) 100vw, 2560px\" \/>\t\t\t\t\t\t\t\t<\/a>\n\t\t\t\t\t\t\t\t\t\t\t\t\t\t\t<\/div>\n\t\t\t\t<\/div>\n\t\t\t\t\t<\/div>\n\t\t<\/div>\n\t\t\t\t\t<\/div>\n\t\t<\/section>\n\t\t\t\t<section class=\"elementor-section elementor-top-section elementor-element elementor-element-17d23af1 elementor-section-height-min-height elementor-section-boxed elementor-section-height-default elementor-section-items-middle\" data-id=\"17d23af1\" data-element_type=\"section\" data-settings=\"{&quot;background_background&quot;:&quot;gradient&quot;}\">\n\t\t\t\t\t\t\t<div class=\"elementor-background-overlay\"><\/div>\n\t\t\t\t\t\t\t<div class=\"elementor-container elementor-column-gap-default\">\n\t\t\t\t\t<div class=\"elementor-column elementor-col-100 elementor-top-column elementor-element elementor-element-26a0c03f\" data-id=\"26a0c03f\" data-element_type=\"column\">\n\t\t\t<div class=\"elementor-widget-wrap elementor-element-populated\">\n\t\t\t\t\t\t<div class=\"elementor-element elementor-element-4e6219db envato-kit-98-line-before elementor-widget elementor-widget-heading\" data-id=\"4e6219db\" data-element_type=\"widget\" data-widget_type=\"heading.default\">\n\t\t\t\t<div class=\"elementor-widget-container\">\n\t\t\t\t\t<h2 class=\"elementor-heading-title elementor-size-default\">Vineyards<\/h2>\t\t\t\t<\/div>\n\t\t\t\t<\/div>\n\t\t\t\t<div class=\"elementor-element elementor-element-5e228338 elementor-widget elementor-widget-heading\" data-id=\"5e228338\" data-element_type=\"widget\" data-widget_type=\"heading.default\">\n\t\t\t\t<div class=\"elementor-widget-container\">\n\t\t\t\t\t<h2 class=\"elementor-heading-title elementor-size-default\">Vineyards that embrace the earth and the sky exclusively for you<\/h2>\t\t\t\t<\/div>\n\t\t\t\t<\/div>\n\t\t\t\t<div class=\"elementor-element elementor-element-2e3673e9 elementor-widget elementor-widget-text-editor\" data-id=\"2e3673e9\" data-element_type=\"widget\" data-widget_type=\"text-editor.default\">\n\t\t\t\t<div class=\"elementor-widget-container\">\n\t\t\t\t\t\t\t\t\t<p><em>In our lands, the vineyards grow at the rhythm of nature. Each vine, cultivated with dedication, reflects the richness of the surrounding environment, offering wines that are true jewels of our land.<\/em><\/p>\t\t\t\t\t\t\t\t<\/div>\n\t\t\t\t<\/div>\n\t\t\t\t\t<\/div>\n\t\t<\/div>\n\t\t\t\t\t<\/div>\n\t\t<\/section>\n\t\t\t\t<section class=\"elementor-section elementor-top-section elementor-element elementor-element-577cea6a elementor-section-height-min-height elementor-section-boxed elementor-section-height-default elementor-section-items-middle\" data-id=\"577cea6a\" data-element_type=\"section\" data-settings=\"{&quot;background_background&quot;:&quot;gradient&quot;}\">\n\t\t\t\t\t\t\t<div class=\"elementor-background-overlay\"><\/div>\n\t\t\t\t\t\t\t<div class=\"elementor-container elementor-column-gap-default\">\n\t\t\t\t\t<div class=\"elementor-column elementor-col-100 elementor-top-column elementor-element elementor-element-7b4876a\" data-id=\"7b4876a\" data-element_type=\"column\">\n\t\t\t<div class=\"elementor-widget-wrap elementor-element-populated\">\n\t\t\t\t\t\t<div class=\"elementor-element elementor-element-54e5e8bb envato-kit-98-line-sides elementor-widget elementor-widget-heading\" data-id=\"54e5e8bb\" data-element_type=\"widget\" data-widget_type=\"heading.default\">\n\t\t\t\t<div class=\"elementor-widget-container\">\n\t\t\t\t\t<h2 class=\"elementor-heading-title elementor-size-default\">Come and visit us<\/h2>\t\t\t\t<\/div>\n\t\t\t\t<\/div>\n\t\t\t\t<div class=\"elementor-element elementor-element-3175e3b2 elementor-widget elementor-widget-heading\" data-id=\"3175e3b2\" data-element_type=\"widget\" data-widget_type=\"heading.default\">\n\t\t\t\t<div class=\"elementor-widget-container\">\n\t\t\t\t\t<h2 class=\"elementor-heading-title elementor-size-default\">Taste the best in the world<\/h2>\t\t\t\t<\/div>\n\t\t\t\t<\/div>\n\t\t\t\t<div class=\"elementor-element elementor-element-7d22c7a4 elementor-widget elementor-widget-button\" data-id=\"7d22c7a4\" data-element_type=\"widget\" data-widget_type=\"button.default\">\n\t\t\t\t<div class=\"elementor-widget-container\">\n\t\t\t\t\t\t\t\t\t<div class=\"elementor-button-wrapper\">\n\t\t\t\t\t<a class=\"elementor-button elementor-button-link elementor-size-md elementor-animation-float\" href=\"https:\/\/raicesvalientes.es\/en\/contacto\/\">\n\t\t\t\t\t\t<span class=\"elementor-button-content-wrapper\">\n\t\t\t\t\t\t\t\t\t<span class=\"elementor-button-text\">View locations<\/span>\n\t\t\t\t\t<\/span>\n\t\t\t\t\t<\/a>\n\t\t\t\t<\/div>\n\t\t\t\t\t\t\t\t<\/div>\n\t\t\t\t<\/div>\n\t\t\t\t\t<\/div>\n\t\t<\/div>\n\t\t\t\t\t<\/div>\n\t\t<\/section>\n\t\t\t\t<\/div>","protected":false},"excerpt":{"rendered":"<p>Nuestra historia Nuestro Entorno Historia El coraz\u00f3n de nuestros vinos Nuestros vi\u00f1edos prosperan en un entorno privilegiado, donde la naturaleza, [&hellip;]<\/p>","protected":false},"author":1,"featured_media":0,"parent":0,"menu_order":0,"comment_status":"closed","ping_status":"closed","template":"","meta":{"site-sidebar-layout":"no-sidebar","site-content-layout":"","ast-site-content-layout":"full-width-container","site-content-style":"default","site-sidebar-style":"default","ast-global-header-display":"","ast-banner-title-visibility":"","ast-main-header-display":"","ast-hfb-above-header-display":"","ast-hfb-below-header-display":"","ast-hfb-mobile-header-display":"","site-post-title":"disabled","ast-breadcrumbs-content":"","ast-featured-img":"disabled","footer-sml-layout":"","theme-transparent-header-meta":"","adv-header-id-meta":"","stick-header-meta":"","header-above-stick-meta":"","header-main-stick-meta":"","header-below-stick-meta":"","astra-migrate-meta-layouts":"default","ast-page-background-enabled":"default","ast-page-background-meta":{"desktop":{"background-color":"var(--ast-global-color-4)","background-image":"","background-repeat":"repeat","background-position":"center center","background-size":"auto","background-attachment":"scroll","background-type":"","background-media":"","overlay-type":"","overlay-color":"","overlay-opacity":"","overlay-gradient":""},"tablet":{"background-color":"","background-image":"","background-repeat":"repeat","background-position":"center center","background-size":"auto","background-attachment":"scroll","background-type":"","background-media":"","overlay-type":"","overlay-color":"","overlay-opacity":"","overlay-gradient":""},"mobile":{"background-color":"","background-image":"","background-repeat":"repeat","background-position":"center center","background-size":"auto","background-attachment":"scroll","background-type":"","background-media":"","overlay-type":"","overlay-color":"","overlay-opacity":"","overlay-gradient":""}},"ast-content-background-meta":{"desktop":{"background-color":"var(--ast-global-color-5)","background-image":"","background-repeat":"repeat","background-position":"center center","background-size":"auto","background-attachment":"scroll","background-type":"","background-media":"","overlay-type":"","overlay-color":"","overlay-opacity":"","overlay-gradient":""},"tablet":{"background-color":"var(--ast-global-color-5)","background-image":"","background-repeat":"repeat","background-position":"center center","background-size":"auto","background-attachment":"scroll","background-type":"","background-media":"","overlay-type":"","overlay-color":"","overlay-opacity":"","overlay-gradient":""},"mobile":{"background-color":"var(--ast-global-color-5)","background-image":"","background-repeat":"repeat","background-position":"center center","background-size":"auto","background-attachment":"scroll","background-type":"","background-media":"","overlay-type":"","overlay-color":"","overlay-opacity":"","overlay-gradient":""}},"footnotes":""},"class_list":["post-83","page","type-page","status-publish","hentry"],"yoast_head":"<!-- This site is optimized with the Yoast SEO plugin v24.2 - https:\/\/yoast.com\/wordpress\/plugins\/seo\/ -->\n<title>Nuestro Entorno - Ra\u00edces Valientes<\/title>\n<meta name=\"robots\" content=\"index, follow, max-snippet:-1, max-image-preview:large, max-video-preview:-1\" \/>\n<link rel=\"canonical\" href=\"https:\/\/raicesvalientes.es\/en\/nuestro-entorno\/\" \/>\n<meta property=\"og:locale\" content=\"en_US\" \/>\n<meta property=\"og:type\" content=\"article\" \/>\n<meta property=\"og:title\" content=\"Nuestro Entorno - Ra\u00edces Valientes\" \/>\n<meta property=\"og:description\" content=\"Nuestra historia Nuestro Entorno Historia El coraz\u00f3n de nuestros vinos Nuestros vi\u00f1edos prosperan en un entorno privilegiado, donde la naturaleza, [&hellip;]\" \/>\n<meta property=\"og:url\" content=\"https:\/\/raicesvalientes.es\/en\/nuestro-entorno\/\" \/>\n<meta property=\"og:site_name\" content=\"Ra\u00edces Valientes\" \/>\n<meta property=\"article:modified_time\" content=\"2025-01-13T14:50:38+00:00\" \/>\n<meta property=\"og:image\" content=\"https:\/\/raicesvalientes.es\/wp-content\/uploads\/elementor\/thumbs\/foto-mateo-blanco-y-negro-scaled-qyl6rt6h4ni3qkra88gz83ho0hn5clgdncgtfaq9m0.jpg\" \/>\n<meta name=\"twitter:card\" content=\"summary_large_image\" \/>\n<meta name=\"twitter:label1\" content=\"Est. reading time\" \/>\n\t<meta name=\"twitter:data1\" content=\"2 minutes\" \/>\n<script type=\"application\/ld+json\" class=\"yoast-schema-graph\">{\"@context\":\"https:\/\/schema.org\",\"@graph\":[{\"@type\":\"WebPage\",\"@id\":\"https:\/\/raicesvalientes.es\/nuestro-entorno\/\",\"url\":\"https:\/\/raicesvalientes.es\/nuestro-entorno\/\",\"name\":\"Nuestro Entorno - Ra\u00edces Valientes\",\"isPartOf\":{\"@id\":\"https:\/\/raicesvalientes.es\/#website\"},\"primaryImageOfPage\":{\"@id\":\"https:\/\/raicesvalientes.es\/nuestro-entorno\/#primaryimage\"},\"image\":{\"@id\":\"https:\/\/raicesvalientes.es\/nuestro-entorno\/#primaryimage\"},\"thumbnailUrl\":\"https:\/\/raicesvalientes.es\/wp-content\/uploads\/elementor\/thumbs\/foto-mateo-blanco-y-negro-scaled-qyl6rt6h4ni3qkra88gz83ho0hn5clgdncgtfaq9m0.jpg\",\"datePublished\":\"2024-11-18T08:30:58+00:00\",\"dateModified\":\"2025-01-13T14:50:38+00:00\",\"breadcrumb\":{\"@id\":\"https:\/\/raicesvalientes.es\/nuestro-entorno\/#breadcrumb\"},\"inLanguage\":\"en-US\",\"potentialAction\":[{\"@type\":\"ReadAction\",\"target\":[\"https:\/\/raicesvalientes.es\/nuestro-entorno\/\"]}]},{\"@type\":\"ImageObject\",\"inLanguage\":\"en-US\",\"@id\":\"https:\/\/raicesvalientes.es\/nuestro-entorno\/#primaryimage\",\"url\":\"https:\/\/raicesvalientes.es\/wp-content\/uploads\/elementor\/thumbs\/foto-mateo-blanco-y-negro-scaled-qyl6rt6h4ni3qkra88gz83ho0hn5clgdncgtfaq9m0.jpg\",\"contentUrl\":\"https:\/\/raicesvalientes.es\/wp-content\/uploads\/elementor\/thumbs\/foto-mateo-blanco-y-negro-scaled-qyl6rt6h4ni3qkra88gz83ho0hn5clgdncgtfaq9m0.jpg\"},{\"@type\":\"BreadcrumbList\",\"@id\":\"https:\/\/raicesvalientes.es\/nuestro-entorno\/#breadcrumb\",\"itemListElement\":[{\"@type\":\"ListItem\",\"position\":1,\"name\":\"Portada\",\"item\":\"https:\/\/raicesvalientes.es\/\"},{\"@type\":\"ListItem\",\"position\":2,\"name\":\"Nuestro Entorno\"}]},{\"@type\":\"WebSite\",\"@id\":\"https:\/\/raicesvalientes.es\/#website\",\"url\":\"https:\/\/raicesvalientes.es\/\",\"name\":\"Ra\u00edces Valientes\",\"description\":\"Ra\u00edces Valientes\",\"publisher\":{\"@id\":\"https:\/\/raicesvalientes.es\/#organization\"},\"potentialAction\":[{\"@type\":\"SearchAction\",\"target\":{\"@type\":\"EntryPoint\",\"urlTemplate\":\"https:\/\/raicesvalientes.es\/?s={search_term_string}\"},\"query-input\":{\"@type\":\"PropertyValueSpecification\",\"valueRequired\":true,\"valueName\":\"search_term_string\"}}],\"inLanguage\":\"en-US\"},{\"@type\":\"Organization\",\"@id\":\"https:\/\/raicesvalientes.es\/#organization\",\"name\":\"Ra\u00edces Valientes\",\"url\":\"https:\/\/raicesvalientes.es\/\",\"logo\":{\"@type\":\"ImageObject\",\"inLanguage\":\"en-US\",\"@id\":\"https:\/\/raicesvalientes.es\/#\/schema\/logo\/image\/\",\"url\":\"https:\/\/raicesvalientes.es\/wp-content\/uploads\/2025\/01\/cropped-cropped-Logo-Raices-Valientes.png\",\"contentUrl\":\"https:\/\/raicesvalientes.es\/wp-content\/uploads\/2025\/01\/cropped-cropped-Logo-Raices-Valientes.png\",\"width\":512,\"height\":512,\"caption\":\"Ra\u00edces Valientes\"},\"image\":{\"@id\":\"https:\/\/raicesvalientes.es\/#\/schema\/logo\/image\/\"}}]}<\/script>\n<!-- \/ Yoast SEO plugin. -->","yoast_head_json":{"title":"Nuestro Entorno - Ra\u00edces Valientes","robots":{"index":"index","follow":"follow","max-snippet":"max-snippet:-1","max-image-preview":"max-image-preview:large","max-video-preview":"max-video-preview:-1"},"canonical":"https:\/\/raicesvalientes.es\/en\/nuestro-entorno\/","og_locale":"en_US","og_type":"article","og_title":"Nuestro Entorno - Ra\u00edces Valientes","og_description":"Nuestra historia Nuestro Entorno Historia El coraz\u00f3n de nuestros vinos Nuestros vi\u00f1edos prosperan en un entorno privilegiado, donde la naturaleza, [&hellip;]","og_url":"https:\/\/raicesvalientes.es\/en\/nuestro-entorno\/","og_site_name":"Ra\u00edces Valientes","article_modified_time":"2025-01-13T14:50:38+00:00","og_image":[{"url":"https:\/\/raicesvalientes.es\/wp-content\/uploads\/elementor\/thumbs\/foto-mateo-blanco-y-negro-scaled-qyl6rt6h4ni3qkra88gz83ho0hn5clgdncgtfaq9m0.jpg","type":"","width":"","height":""}],"twitter_card":"summary_large_image","twitter_misc":{"Est. reading time":"2 minutes"},"schema":{"@context":"https:\/\/schema.org","@graph":[{"@type":"WebPage","@id":"https:\/\/raicesvalientes.es\/nuestro-entorno\/","url":"https:\/\/raicesvalientes.es\/nuestro-entorno\/","name":"Nuestro Entorno - Ra\u00edces Valientes","isPartOf":{"@id":"https:\/\/raicesvalientes.es\/#website"},"primaryImageOfPage":{"@id":"https:\/\/raicesvalientes.es\/nuestro-entorno\/#primaryimage"},"image":{"@id":"https:\/\/raicesvalientes.es\/nuestro-entorno\/#primaryimage"},"thumbnailUrl":"https:\/\/raicesvalientes.es\/wp-content\/uploads\/elementor\/thumbs\/foto-mateo-blanco-y-negro-scaled-qyl6rt6h4ni3qkra88gz83ho0hn5clgdncgtfaq9m0.jpg","datePublished":"2024-11-18T08:30:58+00:00","dateModified":"2025-01-13T14:50:38+00:00","breadcrumb":{"@id":"https:\/\/raicesvalientes.es\/nuestro-entorno\/#breadcrumb"},"inLanguage":"en-US","potentialAction":[{"@type":"ReadAction","target":["https:\/\/raicesvalientes.es\/nuestro-entorno\/"]}]},{"@type":"ImageObject","inLanguage":"en-US","@id":"https:\/\/raicesvalientes.es\/nuestro-entorno\/#primaryimage","url":"https:\/\/raicesvalientes.es\/wp-content\/uploads\/elementor\/thumbs\/foto-mateo-blanco-y-negro-scaled-qyl6rt6h4ni3qkra88gz83ho0hn5clgdncgtfaq9m0.jpg","contentUrl":"https:\/\/raicesvalientes.es\/wp-content\/uploads\/elementor\/thumbs\/foto-mateo-blanco-y-negro-scaled-qyl6rt6h4ni3qkra88gz83ho0hn5clgdncgtfaq9m0.jpg"},{"@type":"BreadcrumbList","@id":"https:\/\/raicesvalientes.es\/nuestro-entorno\/#breadcrumb","itemListElement":[{"@type":"ListItem","position":1,"name":"Portada","item":"https:\/\/raicesvalientes.es\/"},{"@type":"ListItem","position":2,"name":"Nuestro Entorno"}]},{"@type":"WebSite","@id":"https:\/\/raicesvalientes.es\/#website","url":"https:\/\/raicesvalientes.es\/","name":"Ra\u00edces Valientes","description":"Ra\u00edces Valientes","publisher":{"@id":"https:\/\/raicesvalientes.es\/#organization"},"potentialAction":[{"@type":"SearchAction","target":{"@type":"EntryPoint","urlTemplate":"https:\/\/raicesvalientes.es\/?s={search_term_string}"},"query-input":{"@type":"PropertyValueSpecification","valueRequired":true,"valueName":"search_term_string"}}],"inLanguage":"en-US"},{"@type":"Organization","@id":"https:\/\/raicesvalientes.es\/#organization","name":"Ra\u00edces Valientes","url":"https:\/\/raicesvalientes.es\/","logo":{"@type":"ImageObject","inLanguage":"en-US","@id":"https:\/\/raicesvalientes.es\/#\/schema\/logo\/image\/","url":"https:\/\/raicesvalientes.es\/wp-content\/uploads\/2025\/01\/cropped-cropped-Logo-Raices-Valientes.png","contentUrl":"https:\/\/raicesvalientes.es\/wp-content\/uploads\/2025\/01\/cropped-cropped-Logo-Raices-Valientes.png","width":512,"height":512,"caption":"Ra\u00edces Valientes"},"image":{"@id":"https:\/\/raicesvalientes.es\/#\/schema\/logo\/image\/"}}]}},"_links":{"self":[{"href":"https:\/\/raicesvalientes.es\/en\/wp-json\/wp\/v2\/pages\/83","targetHints":{"allow":["GET"]}}],"collection":[{"href":"https:\/\/raicesvalientes.es\/en\/wp-json\/wp\/v2\/pages"}],"about":[{"href":"https:\/\/raicesvalientes.es\/en\/wp-json\/wp\/v2\/types\/page"}],"author":[{"embeddable":true,"href":"https:\/\/raicesvalientes.es\/en\/wp-json\/wp\/v2\/users\/1"}],"replies":[{"embeddable":true,"href":"https:\/\/raicesvalientes.es\/en\/wp-json\/wp\/v2\/comments?post=83"}],"version-history":[{"count":24,"href":"https:\/\/raicesvalientes.es\/en\/wp-json\/wp\/v2\/pages\/83\/revisions"}],"predecessor-version":[{"id":365,"href":"https:\/\/raicesvalientes.es\/en\/wp-json\/wp\/v2\/pages\/83\/revisions\/365"}],"wp:attachment":[{"href":"https:\/\/raicesvalientes.es\/en\/wp-json\/wp\/v2\/media?parent=83"}],"curies":[{"name":"wp","href":"https:\/\/api.w.org\/{rel}","templated":true}]}}